{"id":77,"date":"2017-01-13T03:32:42","date_gmt":"2017-01-13T02:32:42","guid":{"rendered":"http:\/\/gonin-psychanalyste-corporel.fr\/?page_id=77"},"modified":"2017-01-13T03:32:42","modified_gmt":"2017-01-13T02:32:42","slug":"public-concerne","status":"publish","type":"page","link":"https:\/\/gonin-psychanalyste-corporel.fr\/?page_id=77","title":{"rendered":"Public concern\u00e9"},"content":{"rendered":"<p><strong>La psychanalyse corporelle n&rsquo;est pas une th\u00e9rapie.<\/strong><\/p>\n<p><strong>Elle s&rsquo;adresse \u00e0 toute personne adulte :<\/strong><\/p>\n<ul>\n<li>en bonne sant\u00e9, physique et psychique, souhaitant am\u00e9liorer\u00a0son existence,<\/li>\n<li>curieuse de d\u00e9couvrir sa vie int\u00e9rieure,\u00a0l&rsquo;origine et la logique de ses comportements, en leur donnant du sens,<\/li>\n<li>soucieuse de comprendre les raisons de ses crises (crise de la quarantaine, crise professionnelle, crise sentimentale\u2026)<\/li>\n<li>d\u00e9sireuse de donner un niveau\u00a0de profondeur suppl\u00e9mentaire \u00e0 sa vie.<\/li>\n<\/ul>\n<p><strong>Ne pas se conna\u00eetre, c\u2019est \u00eatre absent \u00e0 soi-m\u00eame.<\/strong><\/p>\n<p>\u00catre absent \u00e0 soi m\u00eame, c\u2019est \u00eatre l\u2019esclave de nos m\u00e9canismes r\u00e9p\u00e9titifs qui entra\u00eenent souvent des conflits avec soi ou les autres.<\/p>\n<p>Se conna\u00eetre, c\u2019est r\u00e9aliser que je suis responsable de ma fa\u00e7on de souffrir et que celui qui m\u2019a bless\u00e9 n\u2019est qu\u2019un \u00ab\u00a0bourreau de circonstance\u00a0\u00bb.\u00a0Je ne me pose alors plus en victime.<\/p>\n","protected":false},"excerpt":{"rendered":"<p>La psychanalyse corporelle n&rsquo;est pas une th\u00e9rapie. Elle s&rsquo;adresse \u00e0 toute personne adulte : en bonne sant\u00e9, physique et psychique, souhaitant am\u00e9liorer\u00a0son existence, curieuse de d\u00e9couvrir sa vie int\u00e9rieure,\u00a0l&rsquo;origine et la logique de ses comportements, en leur donnant du sens, soucieuse de comprendre les raisons de ses crises (crise de la quarantaine, crise professionnelle, crise &hellip; <\/p>\n<p class=\"link-more\"><a href=\"https:\/\/gonin-psychanalyste-corporel.fr\/?page_id=77\" class=\"more-link\">Continuer la lecture<span class=\"screen-reader-text\"> de &laquo;&nbsp;Public concern\u00e9&nbsp;&raquo;<\/span><\/a><\/p>\n","protected":false},"author":1,"featured_media":0,"parent":0,"menu_order":0,"comment_status":"closed","ping_status":"closed","template":"","meta":[],"_links":{"self":[{"href":"https:\/\/gonin-psychanalyste-corporel.fr\/index.php?rest_route=\/wp\/v2\/pages\/77"}],"collection":[{"href":"https:\/\/gonin-psychanalyste-corporel.fr\/index.php?rest_route=\/wp\/v2\/pages"}],"about":[{"href":"https:\/\/gonin-psychanalyste-corporel.fr\/index.php?rest_route=\/wp\/v2\/types\/page"}],"author":[{"embeddable":true,"href":"https:\/\/gonin-psychanalyste-corporel.fr\/index.php?rest_route=\/wp\/v2\/users\/1"}],"replies":[{"embeddable":true,"href":"https:\/\/gonin-psychanalyste-corporel.fr\/index.php?rest_route=%2Fwp%2Fv2%2Fcomments&post=77"}],"version-history":[{"count":1,"href":"https:\/\/gonin-psychanalyste-corporel.fr\/index.php?rest_route=\/wp\/v2\/pages\/77\/revisions"}],"predecessor-version":[{"id":79,"href":"https:\/\/gonin-psychanalyste-corporel.fr\/index.php?rest_route=\/wp\/v2\/pages\/77\/revisions\/79"}],"wp:attachment":[{"href":"https:\/\/gonin-psychanalyste-corporel.fr\/index.php?rest_route=%2Fwp%2Fv2%2Fmedia&parent=77"}],"curies":[{"name":"wp","href":"https:\/\/api.w.org\/{rel}","templated":true}]}}