{"id":71,"date":"2017-01-13T03:31:27","date_gmt":"2017-01-13T02:31:27","guid":{"rendered":"http:\/\/gonin-psychanalyste-corporel.fr\/?page_id=71"},"modified":"2017-01-13T03:31:27","modified_gmt":"2017-01-13T02:31:27","slug":"code-de-deontologie","status":"publish","type":"page","link":"https:\/\/gonin-psychanalyste-corporel.fr\/?page_id=71","title":{"rendered":"Code de d\u00e9ontologie"},"content":{"rendered":"<h3>La pratique de la psychanalyse Corporelle est soumise \u00e0 des r\u00e8gles de d\u00e9ontologie.<\/h3>\n<h3>Code de d\u00e9ontologie<\/h3>\n<ul>\n<li>La psychanalyse corporelle n\u2019a aucune vis\u00e9e th\u00e9rapeutique<\/li>\n<li>Elle a pour seul objectif une meilleure connaissance de soi et de son histoire. Elle ne se substitue en aucun cas \u00e0 une psychoth\u00e9rapie.<\/li>\n<li>La psychanalyse corporelle n\u2019a pas la vocation de traiter quelque maladie que ce soit.<\/li>\n<li>La psychanalyse corporelle permet \u00e0 tout un chacun de revivre par le corps les \u00e9v\u00e8nements cl\u00e9s de son pass\u00e9 pour mieux vivre au pr\u00e9sent. Elle a pour but la r\u00e9conciliation avec soi-m\u00eame et avec ses parents.<\/li>\n<li>Le psychanalyste corporel s\u2019interdit toute pratique qui serait contraire \u00e0 la loi et au droit qu&rsquo;a chaque \u00eatre humain de disposer librement de sa personne.<\/li>\n<li>Le psychanalyste corporel s\u2019interdit toute relation sexuelle avec les personnes dont il a la charge.<\/li>\n<li>Le psychanalyste corporel est soumis au secret professionnel absolu concernant tout ce qui lui est confi\u00e9 dans l\u2019exercice de sa profession.<\/li>\n<li>Le rythme du parcours psychanalytique est d\u00e9fini au pr\u00e9alable d\u2019un accord commun entre l\u2019analys\u00e9 et le psychanalyste corporel.<\/li>\n<li>Tout psychanalyste corporel affili\u00e9 \u00e0 l\u2019Institut Fran\u00e7ais de Psychanalyse Corporelle (I.F.P.C) a effectu\u00e9 sa propre psychanalyse corporelle personnelle.<\/li>\n<li>Tout psychanalyste corporel agr\u00e9ment\u00e9 par l\u2019I.F.P.C \u00e0 conduire des psychanalyses corporelles a suivi le cursus complet de formation et obtenu le certificat de fin d\u2019\u00e9tudes, et il a choisi, en fin de formation, un superviseur parmi ses pairs qualifi\u00e9s pour une dur\u00e9e d&rsquo;au moins trois ans.<\/li>\n<li>Tout psychanalyste corporel affili\u00e9 \u00e0 l\u2019I.F.P.C continue \u00e0 parfaire ses comp\u00e9tences professionnelles et ses connaissances \u00e0 la fois th\u00e9oriques et pratiques dans le cadre de la formation continue permanente dispens\u00e9e par l\u2019I.F.P.C.<\/li>\n<li>La pratique de la psychanalyse corporelle est supervis\u00e9e par le Coll\u00e8ge de l\u2019\u00e9thique de l\u2019I.F.P.C garant du respect des r\u00e8gles du parcours psychanalytique. Tout manquement \u00e0 ses principes fondamentaux entrainera des mesures de radiation.<\/li>\n<li>Le psychanalyste corporel s\u2019engage \u00e0 respecter ce code de d\u00e9ontologie et reconna\u00eet pleinement l\u2019autorit\u00e9 du coll\u00e8ge de l\u2019\u00e9thique de l\u2019I.F.P.C.<\/li>\n<\/ul>\n","protected":false},"excerpt":{"rendered":"<p>La pratique de la psychanalyse Corporelle est soumise \u00e0 des r\u00e8gles de d\u00e9ontologie. Code de d\u00e9ontologie La psychanalyse corporelle n\u2019a aucune vis\u00e9e th\u00e9rapeutique Elle a pour seul objectif une meilleure connaissance de soi et de son histoire. Elle ne se substitue en aucun cas \u00e0 une psychoth\u00e9rapie. La psychanalyse corporelle n\u2019a pas la vocation de &hellip; <\/p>\n<p class=\"link-more\"><a href=\"https:\/\/gonin-psychanalyste-corporel.fr\/?page_id=71\" class=\"more-link\">Continuer la lecture<span class=\"screen-reader-text\"> de &laquo;&nbsp;Code de d\u00e9ontologie&nbsp;&raquo;<\/span><\/a><\/p>\n","protected":false},"author":1,"featured_media":0,"parent":0,"menu_order":0,"comment_status":"closed","ping_status":"closed","template":"","meta":[],"_links":{"self":[{"href":"https:\/\/gonin-psychanalyste-corporel.fr\/index.php?rest_route=\/wp\/v2\/pages\/71"}],"collection":[{"href":"https:\/\/gonin-psychanalyste-corporel.fr\/index.php?rest_route=\/wp\/v2\/pages"}],"about":[{"href":"https:\/\/gonin-psychanalyste-corporel.fr\/index.php?rest_route=\/wp\/v2\/types\/page"}],"author":[{"embeddable":true,"href":"https:\/\/gonin-psychanalyste-corporel.fr\/index.php?rest_route=\/wp\/v2\/users\/1"}],"replies":[{"embeddable":true,"href":"https:\/\/gonin-psychanalyste-corporel.fr\/index.php?rest_route=%2Fwp%2Fv2%2Fcomments&post=71"}],"version-history":[{"count":1,"href":"https:\/\/gonin-psychanalyste-corporel.fr\/index.php?rest_route=\/wp\/v2\/pages\/71\/revisions"}],"predecessor-version":[{"id":73,"href":"https:\/\/gonin-psychanalyste-corporel.fr\/index.php?rest_route=\/wp\/v2\/pages\/71\/revisions\/73"}],"wp:attachment":[{"href":"https:\/\/gonin-psychanalyste-corporel.fr\/index.php?rest_route=%2Fwp%2Fv2%2Fmedia&parent=71"}],"curies":[{"name":"wp","href":"https:\/\/api.w.org\/{rel}","templated":true}]}}