{"id":652,"date":"2021-08-04T18:21:00","date_gmt":"2021-08-04T17:21:00","guid":{"rendered":"http:\/\/gonin-psychanalyste-corporel.fr\/?page_id=652"},"modified":"2021-08-04T19:37:04","modified_gmt":"2021-08-04T18:37:04","slug":"mentions-legales","status":"publish","type":"page","link":"https:\/\/gonin-psychanalyste-corporel.fr\/?page_id=652","title":{"rendered":"Mentions l\u00e9gales"},"content":{"rendered":"\n<p>Le site est \u00e9dit\u00e9 sous la responsabilit\u00e9 de Bertrand GONIN <br>Au My &#8211; 571, la combe fleurie 69210 \u00c9VEUX<br>Auto-Entrepreneur<br>N\u00b0 SIRET &nbsp;818 569 519 00015<\/p>\n\n\n\n<p>Bertrand GONIN est contact \u00e9ditorial, au 06 28 43 57 14.<\/p>\n\n\n\n<p>Le site est h\u00e9berg\u00e9 par la soci\u00e9t\u00e9 OVH SAS<br>2 rue Kellermann BP 80157 59053 ROUBAIX Cedex 1 &#8211; France<\/p>\n","protected":false},"excerpt":{"rendered":"<p>Le site est \u00e9dit\u00e9 sous la responsabilit\u00e9 de Bertrand GONIN Au My &#8211; 571, la combe fleurie 69210 \u00c9VEUXAuto-EntrepreneurN\u00b0 SIRET &nbsp;818 569 519 00015 Bertrand GONIN est contact \u00e9ditorial, au 06 28 43 57 14. Le site est h\u00e9berg\u00e9 par la soci\u00e9t\u00e9 OVH SAS2 rue Kellermann BP 80157 59053 ROUBAIX Cedex 1 &#8211; France<\/p>\n","protected":false},"author":1,"featured_media":0,"parent":0,"menu_order":0,"comment_status":"closed","ping_status":"closed","template":"","meta":[],"_links":{"self":[{"href":"https:\/\/gonin-psychanalyste-corporel.fr\/index.php?rest_route=\/wp\/v2\/pages\/652"}],"collection":[{"href":"https:\/\/gonin-psychanalyste-corporel.fr\/index.php?rest_route=\/wp\/v2\/pages"}],"about":[{"href":"https:\/\/gonin-psychanalyste-corporel.fr\/index.php?rest_route=\/wp\/v2\/types\/page"}],"author":[{"embeddable":true,"href":"https:\/\/gonin-psychanalyste-corporel.fr\/index.php?rest_route=\/wp\/v2\/users\/1"}],"replies":[{"embeddable":true,"href":"https:\/\/gonin-psychanalyste-corporel.fr\/index.php?rest_route=%2Fwp%2Fv2%2Fcomments&post=652"}],"version-history":[{"count":4,"href":"https:\/\/gonin-psychanalyste-corporel.fr\/index.php?rest_route=\/wp\/v2\/pages\/652\/revisions"}],"predecessor-version":[{"id":750,"href":"https:\/\/gonin-psychanalyste-corporel.fr\/index.php?rest_route=\/wp\/v2\/pages\/652\/revisions\/750"}],"wp:attachment":[{"href":"https:\/\/gonin-psychanalyste-corporel.fr\/index.php?rest_route=%2Fwp%2Fv2%2Fmedia&parent=652"}],"curies":[{"name":"wp","href":"https:\/\/api.w.org\/{rel}","templated":true}]}}