{"id":62,"date":"2019-09-20T03:18:35","date_gmt":"2019-09-20T02:18:35","guid":{"rendered":"http:\/\/gonin-psychanalyste-corporel.fr\/?page_id=62"},"modified":"2019-09-20T14:26:56","modified_gmt":"2019-09-20T13:26:56","slug":"definition","status":"publish","type":"page","link":"https:\/\/gonin-psychanalyste-corporel.fr\/?page_id=62","title":{"rendered":"D\u00e9finition"},"content":{"rendered":"<p>La psychanalyse corporelle est une technique d&rsquo;investigation du pass\u00e9 fond\u00e9e en 1982 par Bernard Montaud.<\/p>\n<p>Cette forme moderne de psychanalyse s&rsquo;appuie sur la m\u00e9moire du corps qu&rsquo;elle associe \u00e0 l&rsquo;expression verbale.<\/p>\n<p>Bas\u00e9e sur le principe du lapsus corporel, mouvement archa\u00efque involontaire, la psychanalyse corporelle permet de revivre son pass\u00e9 \u00e0 travers 7 couches de m\u00e9moire physiques. Elle nous donne la possibilit\u00e9 d&rsquo;assister psychiquement aux \u00e9v\u00e9nements cl\u00e9s qui ont construit notre personnalit\u00e9.<\/p>\n<p>Ces \u00e9v\u00e9nements sont appel\u00e9s traumatismes car ils sont \u00e0 l\u2019origine de notre sc\u00e9nario comportemental que, de fa\u00e7on subconsciente, nous r\u00e9p\u00e9tons inlassablement \u00e0 l\u2019\u00e2ge adulte.<\/p>\n<p>Rendez-vous obligatoires de toute existence humaine, Ils \u00a0se caract\u00e9risent par un sommet de douleur existentiel qui, \u00e0 lui seul, r\u00e9sume toute une p\u00e9riode de notre vie.<\/p>\n<p>Ils sont au nombre de 4\u00a0: le traumatisme fondateur de la naissance et les traumatismes constructeurs de la petite enfance, de l\u2019enfance et de l\u2019adolescence.<\/p>\n<p><img decoding=\"async\" loading=\"lazy\" class=\"alignnone wp-image-148\" src=\"http:\/\/gonin-psychanalyste-corporel.fr\/wp-content\/uploads\/2017\/01\/mains-naissance-nb-300x215.jpg\" alt=\"\" width=\"143\" height=\"103\" srcset=\"https:\/\/gonin-psychanalyste-corporel.fr\/wp-content\/uploads\/2017\/01\/mains-naissance-nb-300x215.jpg 300w, https:\/\/gonin-psychanalyste-corporel.fr\/wp-content\/uploads\/2017\/01\/mains-naissance-nb-768x551.jpg 768w, https:\/\/gonin-psychanalyste-corporel.fr\/wp-content\/uploads\/2017\/01\/mains-naissance-nb-1024x735.jpg 1024w\" sizes=\"(max-width: 143px) 100vw, 143px\" \/><img decoding=\"async\" loading=\"lazy\" class=\"alignnone wp-image-147\" src=\"http:\/\/gonin-psychanalyste-corporel.fr\/wp-content\/uploads\/2017\/01\/mains-petite-enfance-nb.jpg\" alt=\"\" width=\"125\" height=\"104\" \/><img decoding=\"async\" loading=\"lazy\" class=\"alignnone wp-image-146\" src=\"http:\/\/gonin-psychanalyste-corporel.fr\/wp-content\/uploads\/2017\/01\/mains-enfance-nb-300x171.jpg\" width=\"181\" height=\"103\" \/><img decoding=\"async\" loading=\"lazy\" class=\"alignnone wp-image-145\" src=\"http:\/\/gonin-psychanalyste-corporel.fr\/wp-content\/uploads\/2017\/01\/mains-ado-nb.jpg\" alt=\"\" width=\"155\" height=\"103\" \/><\/p>\n<p>Ce rev\u00e9cu de notre pass\u00e9 est pr\u00e9cis et ne laisse aucune place aux interpr\u00e9tations.<\/p>\n<p>La psychanalyse corporelle permet :<\/p>\n<ul>\n<li>un acc\u00e8s \u00e0 une connaissance de soi approfondie (origine de notre personnalit\u00e9, logique de nos comportements)<\/li>\n<li>une r\u00e9conciliation avec son histoire, ses parents et sa famille<\/li>\n<li>une transformation concr\u00e8te de sa vie quotidienne<\/li>\n<\/ul>\n","protected":false},"excerpt":{"rendered":"<p>La psychanalyse corporelle est une technique d&rsquo;investigation du pass\u00e9 fond\u00e9e en 1982 par Bernard Montaud. Cette forme moderne de psychanalyse s&rsquo;appuie sur la m\u00e9moire du corps qu&rsquo;elle associe \u00e0 l&rsquo;expression verbale. Bas\u00e9e sur le principe du lapsus corporel, mouvement archa\u00efque involontaire, la psychanalyse corporelle permet de revivre son pass\u00e9 \u00e0 travers 7 couches de m\u00e9moire &hellip; <\/p>\n<p class=\"link-more\"><a href=\"https:\/\/gonin-psychanalyste-corporel.fr\/?page_id=62\" class=\"more-link\">Continuer la lecture<span class=\"screen-reader-text\"> de &laquo;&nbsp;D\u00e9finition&nbsp;&raquo;<\/span><\/a><\/p>\n","protected":false},"author":1,"featured_media":0,"parent":0,"menu_order":0,"comment_status":"closed","ping_status":"closed","template":"","meta":[],"_links":{"self":[{"href":"https:\/\/gonin-psychanalyste-corporel.fr\/index.php?rest_route=\/wp\/v2\/pages\/62"}],"collection":[{"href":"https:\/\/gonin-psychanalyste-corporel.fr\/index.php?rest_route=\/wp\/v2\/pages"}],"about":[{"href":"https:\/\/gonin-psychanalyste-corporel.fr\/index.php?rest_route=\/wp\/v2\/types\/page"}],"author":[{"embeddable":true,"href":"https:\/\/gonin-psychanalyste-corporel.fr\/index.php?rest_route=\/wp\/v2\/users\/1"}],"replies":[{"embeddable":true,"href":"https:\/\/gonin-psychanalyste-corporel.fr\/index.php?rest_route=%2Fwp%2Fv2%2Fcomments&post=62"}],"version-history":[{"count":6,"href":"https:\/\/gonin-psychanalyste-corporel.fr\/index.php?rest_route=\/wp\/v2\/pages\/62\/revisions"}],"predecessor-version":[{"id":497,"href":"https:\/\/gonin-psychanalyste-corporel.fr\/index.php?rest_route=\/wp\/v2\/pages\/62\/revisions\/497"}],"wp:attachment":[{"href":"https:\/\/gonin-psychanalyste-corporel.fr\/index.php?rest_route=%2Fwp%2Fv2%2Fmedia&parent=62"}],"curies":[{"name":"wp","href":"https:\/\/api.w.org\/{rel}","templated":true}]}}